{"id":1220,"date":"2024-04-19T16:42:11","date_gmt":"2024-04-19T16:42:11","guid":{"rendered":"https:\/\/wpcoders.in\/bizmaster\/?page_id=1220"},"modified":"2025-07-08T12:21:10","modified_gmt":"2025-07-08T12:21:10","slug":"about-us","status":"publish","type":"page","link":"https:\/\/omgp.com.tn\/en\/about-us\/","title":{"rendered":"About us"},"content":{"rendered":"<div data-elementor-type=\"wp-page\" data-elementor-id=\"1220\" class=\"elementor elementor-1220\">\n\t\t\t\t<div class=\"elementor-element elementor-element-9db9c58 e-con-full e-flex e-con e-parent\" data-id=\"9db9c58\" data-element_type=\"container\" id=\"ancher1-about\">\n\t\t\t\t<div class=\"elementor-element elementor-element-7bae99e text-justify elementor-widget elementor-widget-bizmaster-about-widget\" data-id=\"7bae99e\" data-element_type=\"widget\" id=\"about-us\" data-widget_type=\"bizmaster-about-widget.default\">\n\t\t\t\t<div class=\"elementor-widget-container\">\n\t\t\t\t\t<div class=\"about-area-1 position-relative space-top\">\n\t\t\t\t\t\t\t<div class=\"about1-shape-img1\">\n\t\t\t\t\t<img decoding=\"async\" class=\"about1-shape-img-1\" src=\"https:\/\/omgp.com.tn\/wp-content\/uploads\/2024\/12\/about_shape1-1.png\">\n                <\/div>\n\t\t\t\t\t\t\t\t\t\t<div class=\"about1-shape-img2\">\n\t\t\t\t\t<img decoding=\"async\" class=\"about1-shape-img-2\" src=\"https:\/\/wpcoders.in\/bizmaster\/wp-content\/uploads\/2024\/04\/about_shape1-2.png\">\n\t\t\t\t<\/div>\n\t\t\t\n\t\t\t<div class=\"container\">\n                <div class=\"row gx-60 align-items-center\">\n                    <div class=\"col-xl-6\">\n                        <div class=\"about-content-wrap me-xl-5\">\n                            <div class=\"title-area mb-20\">\n\t\t\t\t\t\t\t\t\t\t\t\t\t\t\t\t\t<span class=\"sub-title\">\n\t\t\t\t\t\t\t\t\t\t\u00c0 propos de nous  \n\t\t\t\t\t\t\t\t\t<\/span>\n\t\t\t\t\t\t\t\t\t\t\t\t\t\t\t\t<h2 class=\"sec-title\">Excellence depuis 1973<\/h2>\t\t\t\t\t\t\t\t<p class=\"sec-text mb-35\">The OMGP company created in 1973 specializing in mechanical engineering:<br> manufacturing of high precision parts<br> Metal construction <br>On-site maintenance and machining service. <br> <br> OMGP is one of the leading manufacturing and construction companies operating in southern Tunisia\n <\/p>                            <\/div>\n                                                            <div class=\"achive-about\">\n                                    <div class=\"achive-about_content\">\n                                        <div class=\"achive-about_icon\">\n                                            <i class=\"fas fa-check\"><\/i>\n                                        <\/div>\n                                        <div class=\"media-body\">\n                                            <h3 class=\"box-title\"><\/h3>\n                                            <p class=\"achive-about_text\"><\/p>\n                                        <\/div>\n                                    <\/div>\n                                <\/div>\n                            \t\t\t\t\t\t\t\t\t\t\t\t\t<\/div>\n\t\t\t\t\t<\/div>\n\t\t\t\t<\/div>\n\t\t\t<\/div>\n\t\t<\/div>\n\n\t\t<div class=\"client-bg-area-2 space-bottom z-indez-3\">\n\t\t\t<div class=\"client-area-2\">\n\t\t\t\t<div class=\"about-client-logos\" id=\"about-client-logos-203717719\" data-slide-show=\"4\" data-xxl-slide-show=\"4\" data-lg-slide-show=\"3\" data-md-slide-show=\"3\" data-sm-slide-show=\"2\">\n\t\t\t\t\t\t\t\t\t\t\t<div class=\"col-lg-auto\">\n\t\t\t\t\t\t\t<div class=\"client-logo\">\n\t\t\t\t\t\t\t\t<img decoding=\"async\" src=\"https:\/\/omgp.com.tn\/wp-content\/uploads\/2024\/12\/1-3.png\">\n\t\t\t\t\t\t\t<\/div>\n\t\t\t\t\t\t<\/div>\n\t\t\t\t\t\t\t\t\t\t\t<div class=\"col-lg-auto\">\n\t\t\t\t\t\t\t<div class=\"client-logo\">\n\t\t\t\t\t\t\t\t<img decoding=\"async\" src=\"https:\/\/omgp.com.tn\/wp-content\/uploads\/2024\/12\/1-3-1.png\">\n\t\t\t\t\t\t\t<\/div>\n\t\t\t\t\t\t<\/div>\n\t\t\t\t\t\t\t\t\t\t\t<div class=\"col-lg-auto\">\n\t\t\t\t\t\t\t<div class=\"client-logo\">\n\t\t\t\t\t\t\t\t<img decoding=\"async\" src=\"https:\/\/omgp.com.tn\/wp-content\/uploads\/2024\/12\/1-3-2.png\">\n\t\t\t\t\t\t\t<\/div>\n\t\t\t\t\t\t<\/div>\n\t\t\t\t\t\t\t\t\t\t\t<div class=\"col-lg-auto\">\n\t\t\t\t\t\t\t<div class=\"client-logo\">\n\t\t\t\t\t\t\t\t<img decoding=\"async\" src=\"https:\/\/omgp.com.tn\/wp-content\/uploads\/2024\/12\/1-3-3.png\">\n\t\t\t\t\t\t\t<\/div>\n\t\t\t\t\t\t<\/div>\n\t\t\t\t\t\t\t\t\t\t\t<div class=\"col-lg-auto\">\n\t\t\t\t\t\t\t<div class=\"client-logo\">\n\t\t\t\t\t\t\t\t<img decoding=\"async\" src=\"https:\/\/omgp.com.tn\/wp-content\/uploads\/2024\/12\/1-3.png\">\n\t\t\t\t\t\t\t<\/div>\n\t\t\t\t\t\t<\/div>\n\t\t\t\t\t\t\t\t\t<\/div>\n\t\t\t<\/div>\n\t\t<\/div>\n\t\t\t\t<\/div>\n\t\t\t\t<\/div>\n\t\t\t\t<\/div>\n\t\t<div class=\"elementor-element elementor-element-5d6bd0c e-flex e-con-boxed e-con e-parent\" data-id=\"5d6bd0c\" data-element_type=\"container\" id=\"ancher2-obj\" data-settings=\"{&quot;background_background&quot;:&quot;classic&quot;}\">\n\t\t\t\t\t<div class=\"e-con-inner\">\n\t\t<div class=\"elementor-element elementor-element-e282abd e-grid e-con-boxed e-con e-child\" data-id=\"e282abd\" data-element_type=\"container\">\n\t\t\t\t\t<div class=\"e-con-inner\">\n\t\t<div class=\"elementor-element elementor-element-b76b6d0 e-con-full elementor-hidden-mobile e-flex e-con e-child\" data-id=\"b76b6d0\" data-element_type=\"container\">\n\t\t\t\t<div class=\"elementor-element elementor-element-56d3ebf elementor-widget-mobile__width-inherit elementor-hidden-mobile elementor-widget elementor-widget-image\" data-id=\"56d3ebf\" data-element_type=\"widget\" data-widget_type=\"image.default\">\n\t\t\t\t<div class=\"elementor-widget-container\">\n\t\t\t\t\t\t\t\t\t\t\t\t\t<img fetchpriority=\"high\" decoding=\"async\" width=\"1800\" height=\"1023\" src=\"https:\/\/omgp.com.tn\/wp-content\/uploads\/2025\/01\/03.jpg\" class=\"attachment-full size-full wp-image-2427\" alt=\"\" srcset=\"https:\/\/omgp.com.tn\/wp-content\/uploads\/2025\/01\/03.jpg 1800w, https:\/\/omgp.com.tn\/wp-content\/uploads\/2025\/01\/03-300x171.jpg 300w, https:\/\/omgp.com.tn\/wp-content\/uploads\/2025\/01\/03-1024x582.jpg 1024w, https:\/\/omgp.com.tn\/wp-content\/uploads\/2025\/01\/03-768x436.jpg 768w, https:\/\/omgp.com.tn\/wp-content\/uploads\/2025\/01\/03-1536x873.jpg 1536w, https:\/\/omgp.com.tn\/wp-content\/uploads\/2025\/01\/03-18x10.jpg 18w\" sizes=\"(max-width: 1800px) 100vw, 1800px\" \/>\t\t\t\t\t\t\t\t\t\t\t\t\t<\/div>\n\t\t\t\t<\/div>\n\t\t\t\t<\/div>\n\t\t<div class=\"elementor-element elementor-element-ccf20f7 e-con-full e-flex e-con e-child\" data-id=\"ccf20f7\" data-element_type=\"container\">\n\t\t\t\t<div class=\"elementor-element elementor-element-0df6ab4 elementor-widget elementor-widget-heading\" data-id=\"0df6ab4\" data-element_type=\"widget\" data-widget_type=\"heading.default\">\n\t\t\t\t<div class=\"elementor-widget-container\">\n\t\t\t<h3 class=\"elementor-heading-title elementor-size-default\">Business Goals<\/h3>\t\t<\/div>\n\t\t\t\t<\/div>\n\t\t\t\t<div class=\"elementor-element elementor-element-f4548e6 elementor-widget elementor-widget-text-editor\" data-id=\"f4548e6\" data-element_type=\"widget\" data-widget_type=\"text-editor.default\">\n\t\t\t\t<div class=\"elementor-widget-container\">\n\t\t\t\t\t\t\tOur commitment is to design reliable and efficient solutions in machining and metal construction, taking into account the unique requirements of each customer. With our technical know-how, we offer personalized services, high-precision mechanical parts and durable metal structures. We strive to meet deadlines and guarantee remarkable quality standards to ensure customer satisfaction.\t\t\t\t\t\t<\/div>\n\t\t\t\t<\/div>\n\t\t\t\t<\/div>\n\t\t\t\t\t<\/div>\n\t\t\t\t<\/div>\n\t\t\t\t\t<\/div>\n\t\t\t\t<\/div>\n\t\t<div class=\"elementor-element elementor-element-4182a8e e-flex e-con-boxed e-con e-parent\" data-id=\"4182a8e\" data-element_type=\"container\" id=\"ancher3-vis\" data-settings=\"{&quot;background_background&quot;:&quot;classic&quot;}\">\n\t\t\t\t\t<div class=\"e-con-inner\">\n\t\t<div class=\"elementor-element elementor-element-992352a e-grid e-con-boxed e-con e-child\" data-id=\"992352a\" data-element_type=\"container\">\n\t\t\t\t\t<div class=\"e-con-inner\">\n\t\t<div class=\"elementor-element elementor-element-a8ae8a4 e-con-full e-flex e-con e-child\" data-id=\"a8ae8a4\" data-element_type=\"container\">\n\t\t\t\t<div class=\"elementor-element elementor-element-728ed09 elementor-widget elementor-widget-heading\" data-id=\"728ed09\" data-element_type=\"widget\" data-widget_type=\"heading.default\">\n\t\t\t\t<div class=\"elementor-widget-container\">\n\t\t\t<h3 class=\"elementor-heading-title elementor-size-default\">Our vision<\/h3>\t\t<\/div>\n\t\t\t\t<\/div>\n\t\t\t\t<div class=\"elementor-element elementor-element-1ed4818 elementor-widget elementor-widget-text-editor\" data-id=\"1ed4818\" data-element_type=\"widget\" data-widget_type=\"text-editor.default\">\n\t\t\t\t<div class=\"elementor-widget-container\">\n\t\t\t\t\t\t\tOur vision is to become a recognized leader in mechanical manufacturing and metal construction, offering innovative, cost-effective and high-quality solutions. We aspire to build lasting relationships with our customers and partners, based on mutual trust and the added value we bring to each project.<br><br>\nBy focusing on investing in modern technologies and developing the skills of our team, we tackle the most complex technical challenges and maintain our position as a benchmark in the sector.\t\t\t\t\t\t<\/div>\n\t\t\t\t<\/div>\n\t\t\t\t<\/div>\n\t\t<div class=\"elementor-element elementor-element-a731cc7 e-con-full elementor-hidden-mobile e-flex e-con e-child\" data-id=\"a731cc7\" data-element_type=\"container\">\n\t\t<div class=\"elementor-element elementor-element-38557a0 e-con-full e-flex e-con e-child\" data-id=\"38557a0\" data-element_type=\"container\">\n\t\t\t\t<div class=\"elementor-element elementor-element-323ac12 elementor-widget-mobile__width-inherit elementor-widget elementor-widget-image\" data-id=\"323ac12\" data-element_type=\"widget\" data-widget_type=\"image.default\">\n\t\t\t\t<div class=\"elementor-widget-container\">\n\t\t\t\t\t\t\t\t\t\t\t\t\t<img decoding=\"async\" width=\"1800\" height=\"1023\" src=\"https:\/\/omgp.com.tn\/wp-content\/uploads\/2025\/01\/04.jpg\" class=\"attachment-full size-full wp-image-2428\" alt=\"\" srcset=\"https:\/\/omgp.com.tn\/wp-content\/uploads\/2025\/01\/04.jpg 1800w, https:\/\/omgp.com.tn\/wp-content\/uploads\/2025\/01\/04-300x171.jpg 300w, https:\/\/omgp.com.tn\/wp-content\/uploads\/2025\/01\/04-1024x582.jpg 1024w, https:\/\/omgp.com.tn\/wp-content\/uploads\/2025\/01\/04-768x436.jpg 768w, https:\/\/omgp.com.tn\/wp-content\/uploads\/2025\/01\/04-1536x873.jpg 1536w, https:\/\/omgp.com.tn\/wp-content\/uploads\/2025\/01\/04-18x10.jpg 18w\" sizes=\"(max-width: 1800px) 100vw, 1800px\" \/>\t\t\t\t\t\t\t\t\t\t\t\t\t<\/div>\n\t\t\t\t<\/div>\n\t\t\t\t<\/div>\n\t\t\t\t<\/div>\n\t\t\t\t\t<\/div>\n\t\t\t\t<\/div>\n\t\t\t\t\t<\/div>\n\t\t\t\t<\/div>\n\t\t<div class=\"elementor-element elementor-element-230aec4 e-con-full e-flex e-con e-parent\" data-id=\"230aec4\" data-element_type=\"container\" data-settings=\"{&quot;background_background&quot;:&quot;classic&quot;}\">\n\t\t\t\t<div class=\"elementor-element elementor-element-ab29666 elementor-widget elementor-widget-heading\" data-id=\"ab29666\" data-element_type=\"widget\" data-widget_type=\"heading.default\">\n\t\t\t\t<div class=\"elementor-widget-container\">\n\t\t\t<h1 class=\"elementor-heading-title elementor-size-default\">Contact us now<\/h1>\t\t<\/div>\n\t\t\t\t<\/div>\n\t\t\t\t<div class=\"elementor-element elementor-element-429beb9 elementor-widget__width-initial elementor-widget-mobile__width-inherit elementor-widget elementor-widget-text-editor\" data-id=\"429beb9\" data-element_type=\"widget\" data-widget_type=\"text-editor.default\">\n\t\t\t\t<div class=\"elementor-widget-container\">\n\t\t\t\t\t\t\tContact us now to discuss your needs and get tailor-made solutions for your projects !\t\t\t\t\t\t<\/div>\n\t\t\t\t<\/div>\n\t\t\t\t<div class=\"elementor-element elementor-element-72db3b3 elementor-align-left elementor-widget elementor-widget-button\" data-id=\"72db3b3\" data-element_type=\"widget\" data-widget_type=\"button.default\">\n\t\t\t\t<div class=\"elementor-widget-container\">\n\t\t\t\t\t\t\t<div class=\"elementor-button-wrapper\">\n\t\t\t\t\t<a class=\"elementor-button elementor-button-link elementor-size-sm elementor-animation-grow\" href=\"https:\/\/omgp.com.tn\/en\/contact-us\/\">\n\t\t\t\t\t\t<span class=\"elementor-button-content-wrapper\">\n\t\t\t\t\t\t\t\t\t<span class=\"elementor-button-text\">Contact us<\/span>\n\t\t\t\t\t<\/span>\n\t\t\t\t\t<\/a>\n\t\t\t\t<\/div>\n\t\t\t\t\t\t<\/div>\n\t\t\t\t<\/div>\n\t\t\t\t<\/div>\n\t\t\t\t<\/div>","protected":false},"excerpt":{"rendered":"<p>\u00c0 propos de nous Excellence depuis 1973 La soci\u00e9t\u00e9 OMGP cr\u00e9\u00e9e depuis 1973 sp\u00e9cialis\u00e9e dans l&rsquo;ing\u00e9nierie m\u00e9canique : La fabrication de pi\u00e8ces de haute pr\u00e9cision La construction m\u00e9talliques Le service de maintenance et usinage sur site. OMGP est l&rsquo;une des principales soci\u00e9t\u00e9s de fabrication et de construction op\u00e9rant dans le sud tunisien Notre Objectif Notre&#8230;<\/p>","protected":false},"author":1,"featured_media":0,"parent":0,"menu_order":0,"comment_status":"closed","ping_status":"closed","template":"","meta":{"om_disable_all_campaigns":false,"inline_featured_image":false,"_monsterinsights_skip_tracking":false,"_monsterinsights_sitenote_active":false,"_monsterinsights_sitenote_note":"","_monsterinsights_sitenote_category":0,"footnotes":""},"aioseo_notices":[],"_links":{"self":[{"href":"https:\/\/omgp.com.tn\/en\/wp-json\/wp\/v2\/pages\/1220"}],"collection":[{"href":"https:\/\/omgp.com.tn\/en\/wp-json\/wp\/v2\/pages"}],"about":[{"href":"https:\/\/omgp.com.tn\/en\/wp-json\/wp\/v2\/types\/page"}],"author":[{"embeddable":true,"href":"https:\/\/omgp.com.tn\/en\/wp-json\/wp\/v2\/users\/1"}],"replies":[{"embeddable":true,"href":"https:\/\/omgp.com.tn\/en\/wp-json\/wp\/v2\/comments?post=1220"}],"version-history":[{"count":53,"href":"https:\/\/omgp.com.tn\/en\/wp-json\/wp\/v2\/pages\/1220\/revisions"}],"predecessor-version":[{"id":2576,"href":"https:\/\/omgp.com.tn\/en\/wp-json\/wp\/v2\/pages\/1220\/revisions\/2576"}],"wp:attachment":[{"href":"https:\/\/omgp.com.tn\/en\/wp-json\/wp\/v2\/media?parent=1220"}],"curies":[{"name":"wp","href":"https:\/\/api.w.org\/{rel}","templated":true}]}}