{"id":1244,"date":"2024-04-19T16:49:56","date_gmt":"2024-04-19T16:49:56","guid":{"rendered":"https:\/\/wpcoders.in\/bizmaster\/?page_id=1244"},"modified":"2025-07-08T12:23:21","modified_gmt":"2025-07-08T12:23:21","slug":"service","status":"publish","type":"page","link":"https:\/\/omgp.com.tn\/en\/service\/","title":{"rendered":"Service"},"content":{"rendered":"<div data-elementor-type=\"wp-page\" data-elementor-id=\"1244\" class=\"elementor elementor-1244\">\n\t\t\t\t<header class=\"elementor-element elementor-element-587e1b99 e-flex e-con-boxed e-con e-parent\" data-id=\"587e1b99\" data-element_type=\"container\" id=\"service1\">\n\t\t\t\t\t<div class=\"e-con-inner\">\n\t\t<div class=\"elementor-element elementor-element-7879067c e-con-full elementor-hidden-mobile e-flex e-con e-child\" data-id=\"7879067c\" data-element_type=\"container\">\n\t\t\t\t<div class=\"elementor-element elementor-element-59be3d42 elementor-widget elementor-widget-image\" data-id=\"59be3d42\" data-element_type=\"widget\" data-widget_type=\"image.default\">\n\t\t\t\t<div class=\"elementor-widget-container\">\n\t\t\t\t\t\t\t\t\t\t\t\t\t<img fetchpriority=\"high\" decoding=\"async\" width=\"1024\" height=\"768\" src=\"https:\/\/omgp.com.tn\/wp-content\/uploads\/2025\/01\/service1.jpeg\" class=\"attachment-full size-full wp-image-2335\" alt=\"\" srcset=\"https:\/\/omgp.com.tn\/wp-content\/uploads\/2025\/01\/service1.jpeg 1024w, https:\/\/omgp.com.tn\/wp-content\/uploads\/2025\/01\/service1-300x225.jpeg 300w, https:\/\/omgp.com.tn\/wp-content\/uploads\/2025\/01\/service1-768x576.jpeg 768w, https:\/\/omgp.com.tn\/wp-content\/uploads\/2025\/01\/service1-16x12.jpeg 16w\" sizes=\"(max-width: 1024px) 100vw, 1024px\" \/>\t\t\t\t\t\t\t\t\t\t\t\t\t<\/div>\n\t\t\t\t<\/div>\n\t\t\t\t<\/div>\n\t\t<div class=\"elementor-element elementor-element-287ee0fb e-con-full e-flex e-con e-child\" data-id=\"287ee0fb\" data-element_type=\"container\">\n\t\t\t\t<div class=\"elementor-element elementor-element-ea593b4 text-justify elementor-widget elementor-widget-bizmaster-theme-section-title-one-widget\" data-id=\"ea593b4\" data-element_type=\"widget\" data-widget_type=\"bizmaster-theme-section-title-one-widget.default\">\n\t\t\t\t<div class=\"elementor-widget-container\">\n\t\t\t        <div class=\"title-area\">\r\n                        <h2 class=\"sec-title style2\">\r\n            Mechanical Manufacturing            <\/h2>\r\n                                <p class=\"sec-text\">We have advanced capabilities to machine complex shaped parts with\nprecision and efficiency. Our company's machine park is equipped to perform a\nwide range of operations including turning, milling, drilling, boring,\ncasting, hydraulic assembly and disassembly and balancing, etc.<br><br>\nThis can include activities such as design,\nengineering, material preparation,\nprototype manufacturing, assembly,\nquality control.<\/p>\r\n                \r\n        <\/div>\r\n        \t\t<\/div>\n\t\t\t\t<\/div>\n\t\t\t\t<\/div>\n\t\t\t\t\t<\/div>\n\t\t\t\t<\/header>\n\t\t<header class=\"elementor-element elementor-element-ecaf682 e-flex e-con-boxed e-con e-parent\" data-id=\"ecaf682\" data-element_type=\"container\" id=\"service2\">\n\t\t\t\t\t<div class=\"e-con-inner\">\n\t\t<div class=\"elementor-element elementor-element-a1a7756 e-con-full e-flex e-con e-child\" data-id=\"a1a7756\" data-element_type=\"container\">\n\t\t\t\t<div class=\"elementor-element elementor-element-a345a7f text-justify elementor-widget elementor-widget-bizmaster-theme-section-title-one-widget\" data-id=\"a345a7f\" data-element_type=\"widget\" data-widget_type=\"bizmaster-theme-section-title-one-widget.default\">\n\t\t\t\t<div class=\"elementor-widget-container\">\n\t\t\t        <div class=\"title-area\">\r\n                        <h2 class=\"sec-title style2\">\r\n            Steel Construction            <\/h2>\r\n                                <p class=\"sec-text\">We master essential technologies focused on working ferrous metals, light alloys and thermosetting materials. Our expertise includes:<br>\nmetal fabrication, steel structures and all types of welding. etc.<br>\nAnd we carry out all types of metallurgical work, such as plasma cutting, shearing, bending, rolling, punching, etc.<\/p>\r\n                \r\n        <\/div>\r\n        \t\t<\/div>\n\t\t\t\t<\/div>\n\t\t\t\t<\/div>\n\t\t<div class=\"elementor-element elementor-element-72e7851 e-con-full elementor-hidden-mobile e-flex e-con e-child\" data-id=\"72e7851\" data-element_type=\"container\">\n\t\t\t\t<div class=\"elementor-element elementor-element-625b4df elementor-widget elementor-widget-image\" data-id=\"625b4df\" data-element_type=\"widget\" data-widget_type=\"image.default\">\n\t\t\t\t<div class=\"elementor-widget-container\">\n\t\t\t\t\t\t\t\t\t\t\t\t\t<img decoding=\"async\" width=\"1024\" height=\"768\" src=\"https:\/\/omgp.com.tn\/wp-content\/uploads\/2025\/01\/059d36e4-87c6-4abb-9906-fa26e364078e.jpeg\" class=\"attachment-full size-full wp-image-2336\" alt=\"\" srcset=\"https:\/\/omgp.com.tn\/wp-content\/uploads\/2025\/01\/059d36e4-87c6-4abb-9906-fa26e364078e.jpeg 1024w, https:\/\/omgp.com.tn\/wp-content\/uploads\/2025\/01\/059d36e4-87c6-4abb-9906-fa26e364078e-300x225.jpeg 300w, https:\/\/omgp.com.tn\/wp-content\/uploads\/2025\/01\/059d36e4-87c6-4abb-9906-fa26e364078e-768x576.jpeg 768w, https:\/\/omgp.com.tn\/wp-content\/uploads\/2025\/01\/059d36e4-87c6-4abb-9906-fa26e364078e-16x12.jpeg 16w\" sizes=\"(max-width: 1024px) 100vw, 1024px\" \/>\t\t\t\t\t\t\t\t\t\t\t\t\t<\/div>\n\t\t\t\t<\/div>\n\t\t\t\t<\/div>\n\t\t\t\t\t<\/div>\n\t\t\t\t<\/header>\n\t\t<header class=\"elementor-element elementor-element-85eee71 e-flex e-con-boxed e-con e-parent\" data-id=\"85eee71\" data-element_type=\"container\" id=\"service3\">\n\t\t\t\t\t<div class=\"e-con-inner\">\n\t\t<div class=\"elementor-element elementor-element-1d4ca1a e-con-full elementor-hidden-mobile e-flex e-con e-child\" data-id=\"1d4ca1a\" data-element_type=\"container\">\n\t\t\t\t<div class=\"elementor-element elementor-element-26e2a97 elementor-widget elementor-widget-image\" data-id=\"26e2a97\" data-element_type=\"widget\" data-widget_type=\"image.default\">\n\t\t\t\t<div class=\"elementor-widget-container\">\n\t\t\t\t\t\t\t\t\t\t\t\t\t<img decoding=\"async\" width=\"1024\" height=\"768\" src=\"https:\/\/omgp.com.tn\/wp-content\/uploads\/2025\/01\/de5075e5-8e45-4551-864e-ea78c2d2cf9d.jpeg\" class=\"attachment-full size-full wp-image-2337\" alt=\"\" srcset=\"https:\/\/omgp.com.tn\/wp-content\/uploads\/2025\/01\/de5075e5-8e45-4551-864e-ea78c2d2cf9d.jpeg 1024w, https:\/\/omgp.com.tn\/wp-content\/uploads\/2025\/01\/de5075e5-8e45-4551-864e-ea78c2d2cf9d-300x225.jpeg 300w, https:\/\/omgp.com.tn\/wp-content\/uploads\/2025\/01\/de5075e5-8e45-4551-864e-ea78c2d2cf9d-768x576.jpeg 768w, https:\/\/omgp.com.tn\/wp-content\/uploads\/2025\/01\/de5075e5-8e45-4551-864e-ea78c2d2cf9d-16x12.jpeg 16w\" sizes=\"(max-width: 1024px) 100vw, 1024px\" \/>\t\t\t\t\t\t\t\t\t\t\t\t\t<\/div>\n\t\t\t\t<\/div>\n\t\t\t\t<\/div>\n\t\t<div class=\"elementor-element elementor-element-0cef5c6 e-con-full e-flex e-con e-child\" data-id=\"0cef5c6\" data-element_type=\"container\">\n\t\t\t\t<div class=\"elementor-element elementor-element-d957625 text-justify elementor-widget elementor-widget-bizmaster-theme-section-title-one-widget\" data-id=\"d957625\" data-element_type=\"widget\" data-widget_type=\"bizmaster-theme-section-title-one-widget.default\">\n\t\t\t\t<div class=\"elementor-widget-container\">\n\t\t\t        <div class=\"title-area\">\r\n                        <h2 class=\"sec-title style2\">\r\n            Services d'entretien            <\/h2>\r\n                                <p class=\"sec-text\">Our staff has the skills and qualifications necessary to work on your equipment and perform the required maintenance services, in particular the overhaul of reducers, pumps, airlocks and industrial fans, as well as on-site machining operations such as polishing of furnace bands, grinding of rollers, turning and cutting of shells, etc.<br>\nWe are able to offer you a solution adapted to your specific needs, while respecting safety standards.<\/p>\r\n                \r\n        <\/div>\r\n        \t\t<\/div>\n\t\t\t\t<\/div>\n\t\t\t\t<\/div>\n\t\t\t\t\t<\/div>\n\t\t\t\t<\/header>\n\t\t<header class=\"elementor-element elementor-element-1754b8d e-flex e-con-boxed e-con e-parent\" data-id=\"1754b8d\" data-element_type=\"container\" id=\"service4\">\n\t\t\t\t\t<div class=\"e-con-inner\">\n\t\t<div class=\"elementor-element elementor-element-36904ab e-con-full e-flex e-con e-child\" data-id=\"36904ab\" data-element_type=\"container\">\n\t\t\t\t<div class=\"elementor-element elementor-element-33bee72 text-justify elementor-widget elementor-widget-bizmaster-theme-section-title-one-widget\" data-id=\"33bee72\" data-element_type=\"widget\" data-widget_type=\"bizmaster-theme-section-title-one-widget.default\">\n\t\t\t\t<div class=\"elementor-widget-container\">\n\t\t\t        <div class=\"title-area\">\r\n                        <h2 class=\"sec-title style2\">\r\n            Custom Projects            <\/h2>\r\n                                <p class=\"sec-text\">Bring your unique ideas to life with our expertise in custom projects and prototyping.\n<br>\nWe excel in designing customized solutions to tackle unique industrial challenges. From conceptualization to final execution, our team collaborates with you to design and prototype innovative products that meet your specific requirements. Whether it's a one-off project or a specialized part, we bring your vision to life with precision and efficiency.<\/p>\r\n                \r\n        <\/div>\r\n        \t\t<\/div>\n\t\t\t\t<\/div>\n\t\t\t\t<\/div>\n\t\t<div class=\"elementor-element elementor-element-6524305 e-con-full elementor-hidden-mobile e-flex e-con e-child\" data-id=\"6524305\" data-element_type=\"container\">\n\t\t\t\t<div class=\"elementor-element elementor-element-28bb966 elementor-widget elementor-widget-image\" data-id=\"28bb966\" data-element_type=\"widget\" data-widget_type=\"image.default\">\n\t\t\t\t<div class=\"elementor-widget-container\">\n\t\t\t\t\t\t\t\t\t\t\t\t\t<img loading=\"lazy\" decoding=\"async\" width=\"1024\" height=\"768\" src=\"https:\/\/omgp.com.tn\/wp-content\/uploads\/2025\/01\/c2f7e5d3-4724-4ba8-b825-91300113561c.jpeg\" class=\"attachment-full size-full wp-image-2338\" alt=\"\" srcset=\"https:\/\/omgp.com.tn\/wp-content\/uploads\/2025\/01\/c2f7e5d3-4724-4ba8-b825-91300113561c.jpeg 1024w, https:\/\/omgp.com.tn\/wp-content\/uploads\/2025\/01\/c2f7e5d3-4724-4ba8-b825-91300113561c-300x225.jpeg 300w, https:\/\/omgp.com.tn\/wp-content\/uploads\/2025\/01\/c2f7e5d3-4724-4ba8-b825-91300113561c-768x576.jpeg 768w, https:\/\/omgp.com.tn\/wp-content\/uploads\/2025\/01\/c2f7e5d3-4724-4ba8-b825-91300113561c-16x12.jpeg 16w\" sizes=\"(max-width: 1024px) 100vw, 1024px\" \/>\t\t\t\t\t\t\t\t\t\t\t\t\t<\/div>\n\t\t\t\t<\/div>\n\t\t\t\t<\/div>\n\t\t\t\t\t<\/div>\n\t\t\t\t<\/header>\n\t\t<div class=\"elementor-element elementor-element-2aa31560 e-con-full e-flex e-con e-parent\" data-id=\"2aa31560\" data-element_type=\"container\" data-settings=\"{&quot;background_background&quot;:&quot;classic&quot;}\">\n\t\t\t\t<div class=\"elementor-element elementor-element-39135287 elementor-widget elementor-widget-heading\" data-id=\"39135287\" data-element_type=\"widget\" data-widget_type=\"heading.default\">\n\t\t\t\t<div class=\"elementor-widget-container\">\n\t\t\t<h1 class=\"elementor-heading-title elementor-size-default\">Contact us now<\/h1>\t\t<\/div>\n\t\t\t\t<\/div>\n\t\t\t\t<div class=\"elementor-element elementor-element-3b39feb1 elementor-widget__width-initial elementor-widget-mobile__width-inherit elementor-widget elementor-widget-text-editor\" data-id=\"3b39feb1\" data-element_type=\"widget\" data-widget_type=\"text-editor.default\">\n\t\t\t\t<div class=\"elementor-widget-container\">\n\t\t\t\t\t\t\tContact us now to discuss your needs and get tailor-made solutions for your projects !\t\t\t\t\t\t<\/div>\n\t\t\t\t<\/div>\n\t\t\t\t<div class=\"elementor-element elementor-element-23f397e2 elementor-align-left elementor-widget elementor-widget-button\" data-id=\"23f397e2\" data-element_type=\"widget\" data-widget_type=\"button.default\">\n\t\t\t\t<div class=\"elementor-widget-container\">\n\t\t\t\t\t\t\t<div class=\"elementor-button-wrapper\">\n\t\t\t\t\t<a class=\"elementor-button elementor-button-link elementor-size-sm elementor-animation-grow\" href=\"https:\/\/omgp.com.tn\/en\/contact-us\/\">\n\t\t\t\t\t\t<span class=\"elementor-button-content-wrapper\">\n\t\t\t\t\t\t\t\t\t<span class=\"elementor-button-text\">Contact us<\/span>\n\t\t\t\t\t<\/span>\n\t\t\t\t\t<\/a>\n\t\t\t\t<\/div>\n\t\t\t\t\t\t<\/div>\n\t\t\t\t<\/div>\n\t\t\t\t<\/div>\n\t\t\t\t<\/div>","protected":false},"excerpt":{"rendered":"<p>Fabrication m\u00e9canique Nous disposons de capacit\u00e9s avanc\u00e9es pour usiner des pi\u00e8ces aux formes complexes avec pr\u00e9cision et efficacit\u00e9. Le parc machine de notre entreprise est \u00e9quip\u00e9 pour r\u00e9aliser une large gamme d&rsquo;op\u00e9rations, notamment le tournage, le fraisage, le per\u00e7age, l&rsquo;al\u00e9sage, Le moulage, montage et d\u00e9montage hydraulique et l\u2019\u00e9quilibrage, etc. Cela inclut \u00e9galement des activit\u00e9s telles&#8230;<\/p>","protected":false},"author":1,"featured_media":0,"parent":0,"menu_order":0,"comment_status":"closed","ping_status":"closed","template":"","meta":{"om_disable_all_campaigns":false,"inline_featured_image":false,"_monsterinsights_skip_tracking":false,"_monsterinsights_sitenote_active":false,"_monsterinsights_sitenote_note":"","_monsterinsights_sitenote_category":0,"footnotes":""},"aioseo_notices":[],"_links":{"self":[{"href":"https:\/\/omgp.com.tn\/en\/wp-json\/wp\/v2\/pages\/1244"}],"collection":[{"href":"https:\/\/omgp.com.tn\/en\/wp-json\/wp\/v2\/pages"}],"about":[{"href":"https:\/\/omgp.com.tn\/en\/wp-json\/wp\/v2\/types\/page"}],"author":[{"embeddable":true,"href":"https:\/\/omgp.com.tn\/en\/wp-json\/wp\/v2\/users\/1"}],"replies":[{"embeddable":true,"href":"https:\/\/omgp.com.tn\/en\/wp-json\/wp\/v2\/comments?post=1244"}],"version-history":[{"count":52,"href":"https:\/\/omgp.com.tn\/en\/wp-json\/wp\/v2\/pages\/1244\/revisions"}],"predecessor-version":[{"id":2579,"href":"https:\/\/omgp.com.tn\/en\/wp-json\/wp\/v2\/pages\/1244\/revisions\/2579"}],"wp:attachment":[{"href":"https:\/\/omgp.com.tn\/en\/wp-json\/wp\/v2\/media?parent=1244"}],"curies":[{"name":"wp","href":"https:\/\/api.w.org\/{rel}","templated":true}]}}