{"id":2294,"date":"2025-01-12T13:17:05","date_gmt":"2025-01-12T13:17:05","guid":{"rendered":"https:\/\/omgp.com.tn\/?page_id=2294"},"modified":"2025-01-13T00:12:53","modified_gmt":"2025-01-13T00:12:53","slug":"get-quotation","status":"publish","type":"page","link":"https:\/\/omgp.com.tn\/en\/get-quotation\/","title":{"rendered":"Demande de devis"},"content":{"rendered":"<div data-elementor-type=\"wp-page\" data-elementor-id=\"2294\" class=\"elementor elementor-2294\">\n\t\t\t\t<div class=\"elementor-element elementor-element-5adcc10 e-flex e-con-boxed e-con e-parent\" data-id=\"5adcc10\" data-element_type=\"container\">\n\t\t\t\t\t<div class=\"e-con-inner\">\n\t\t<div class=\"elementor-element elementor-element-87ee53c e-con-full e-flex e-con e-child\" data-id=\"87ee53c\" data-element_type=\"container\">\n\t\t\t\t<div class=\"elementor-element elementor-element-b9a794c elementor-widget elementor-widget-bizmaster-theme-section-title-one-widget\" data-id=\"b9a794c\" data-element_type=\"widget\" data-widget_type=\"bizmaster-theme-section-title-one-widget.default\">\n\t\t\t\t<div class=\"elementor-widget-container\">\n\t\t\t        <div class=\"title-area\">\r\n                        <h2 class=\"sec-title style2\">\r\n            Demandez Votre Devis Personnalis\u00e9\n            <\/h2>\r\n                                <p class=\"sec-text\">Vous avez un projet en t\u00eate\u202f? Remplissez notre formulaire de demande de devis en fournissant les d\u00e9tails de votre projet. Notre \u00e9quipe analysera vos besoins et vous proposera une solution adapt\u00e9e, avec un devis clair et comp\u00e9titif.\n<br>\nChez OMGP, nous nous engageons \u00e0 offrir des services de haute qualit\u00e9, dans le respect des d\u00e9lais et des exigences sp\u00e9cifiques de nos clients. N\u2019attendez plus, faites le premier pas vers la r\u00e9alisation de votre projet\u202f!<\/p>\r\n                \r\n        <\/div>\r\n        \t\t<\/div>\n\t\t\t\t<\/div>\n\t\t\t\t<div class=\"elementor-element elementor-element-4bbab4e e-grid-align-left elementor-shape-rounded elementor-grid-0 elementor-widget elementor-widget-social-icons\" data-id=\"4bbab4e\" data-element_type=\"widget\" data-widget_type=\"social-icons.default\">\n\t\t\t\t<div class=\"elementor-widget-container\">\n\t\t\t\t\t<div class=\"elementor-social-icons-wrapper elementor-grid\">\n\t\t\t\t\t\t\t<span class=\"elementor-grid-item\">\n\t\t\t\t\t<a class=\"elementor-icon elementor-social-icon elementor-social-icon-facebook elementor-repeater-item-6402988\" target=\"_blank\">\n\t\t\t\t\t\t<span class=\"elementor-screen-only\">Facebook<\/span>\n\t\t\t\t\t\t<svg class=\"e-font-icon-svg e-fab-facebook\" viewbox=\"0 0 512 512\" xmlns=\"http:\/\/www.w3.org\/2000\/svg\"><path d=\"M504 256C504 119 393 8 256 8S8 119 8 256c0 123.78 90.69 226.38 209.25 245V327.69h-63V256h63v-54.64c0-62.15 37-96.48 93.67-96.48 27.14 0 55.52 4.84 55.52 4.84v61h-31.28c-30.8 0-40.41 19.12-40.41 38.73V256h68.78l-11 71.69h-57.78V501C413.31 482.38 504 379.78 504 256z\"><\/path><\/svg>\t\t\t\t\t<\/a>\n\t\t\t\t<\/span>\n\t\t\t\t\t\t\t<span class=\"elementor-grid-item\">\n\t\t\t\t\t<a class=\"elementor-icon elementor-social-icon elementor-social-icon-instagram elementor-repeater-item-3ea4817\" target=\"_blank\">\n\t\t\t\t\t\t<span class=\"elementor-screen-only\">Instagram<\/span>\n\t\t\t\t\t\t<svg class=\"e-font-icon-svg e-fab-instagram\" viewbox=\"0 0 448 512\" xmlns=\"http:\/\/www.w3.org\/2000\/svg\"><path d=\"M224.1 141c-63.6 0-114.9 51.3-114.9 114.9s51.3 114.9 114.9 114.9S339 319.5 339 255.9 287.7 141 224.1 141zm0 189.6c-41.1 0-74.7-33.5-74.7-74.7s33.5-74.7 74.7-74.7 74.7 33.5 74.7 74.7-33.6 74.7-74.7 74.7zm146.4-194.3c0 14.9-12 26.8-26.8 26.8-14.9 0-26.8-12-26.8-26.8s12-26.8 26.8-26.8 26.8 12 26.8 26.8zm76.1 27.2c-1.7-35.9-9.9-67.7-36.2-93.9-26.2-26.2-58-34.4-93.9-36.2-37-2.1-147.9-2.1-184.9 0-35.8 1.7-67.6 9.9-93.9 36.1s-34.4 58-36.2 93.9c-2.1 37-2.1 147.9 0 184.9 1.7 35.9 9.9 67.7 36.2 93.9s58 34.4 93.9 36.2c37 2.1 147.9 2.1 184.9 0 35.9-1.7 67.7-9.9 93.9-36.2 26.2-26.2 34.4-58 36.2-93.9 2.1-37 2.1-147.8 0-184.8zM398.8 388c-7.8 19.6-22.9 34.7-42.6 42.6-29.5 11.7-99.5 9-132.1 9s-102.7 2.6-132.1-9c-19.6-7.8-34.7-22.9-42.6-42.6-11.7-29.5-9-99.5-9-132.1s-2.6-102.7 9-132.1c7.8-19.6 22.9-34.7 42.6-42.6 29.5-11.7 99.5-9 132.1-9s102.7-2.6 132.1 9c19.6 7.8 34.7 22.9 42.6 42.6 11.7 29.5 9 99.5 9 132.1s2.7 102.7-9 132.1z\"><\/path><\/svg>\t\t\t\t\t<\/a>\n\t\t\t\t<\/span>\n\t\t\t\t\t\t\t<span class=\"elementor-grid-item\">\n\t\t\t\t\t<a class=\"elementor-icon elementor-social-icon elementor-social-icon-whatsapp elementor-repeater-item-081fea6\" target=\"_blank\">\n\t\t\t\t\t\t<span class=\"elementor-screen-only\">Whatsapp<\/span>\n\t\t\t\t\t\t<svg class=\"e-font-icon-svg e-fab-whatsapp\" viewbox=\"0 0 448 512\" xmlns=\"http:\/\/www.w3.org\/2000\/svg\"><path d=\"M380.9 97.1C339 55.1 283.2 32 223.9 32c-122.4 0-222 99.6-222 222 0 39.1 10.2 77.3 29.6 111L0 480l117.7-30.9c32.4 17.7 68.9 27 106.1 27h.1c122.3 0 224.1-99.6 224.1-222 0-59.3-25.2-115-67.1-157zm-157 341.6c-33.2 0-65.7-8.9-94-25.7l-6.7-4-69.8 18.3L72 359.2l-4.4-7c-18.5-29.4-28.2-63.3-28.2-98.2 0-101.7 82.8-184.5 184.6-184.5 49.3 0 95.6 19.2 130.4 54.1 34.8 34.9 56.2 81.2 56.1 130.5 0 101.8-84.9 184.6-186.6 184.6zm101.2-138.2c-5.5-2.8-32.8-16.2-37.9-18-5.1-1.9-8.8-2.8-12.5 2.8-3.7 5.6-14.3 18-17.6 21.8-3.2 3.7-6.5 4.2-12 1.4-32.6-16.3-54-29.1-75.5-66-5.7-9.8 5.7-9.1 16.3-30.3 1.8-3.7.9-6.9-.5-9.7-1.4-2.8-12.5-30.1-17.1-41.2-4.5-10.8-9.1-9.3-12.5-9.5-3.2-.2-6.9-.2-10.6-.2-3.7 0-9.7 1.4-14.8 6.9-5.1 5.6-19.4 19-19.4 46.3 0 27.3 19.9 53.7 22.6 57.4 2.8 3.7 39.1 59.7 94.8 83.8 35.2 15.2 49 16.5 66.6 13.9 10.7-1.6 32.8-13.4 37.4-26.4 4.6-13 4.6-24.1 3.2-26.4-1.3-2.5-5-3.9-10.5-6.6z\"><\/path><\/svg>\t\t\t\t\t<\/a>\n\t\t\t\t<\/span>\n\t\t\t\t\t<\/div>\n\t\t\t\t<\/div>\n\t\t\t\t<\/div>\n\t\t\t\t<\/div>\n\t\t<div class=\"elementor-element elementor-element-dfda045 e-con-full e-flex e-con e-child\" data-id=\"dfda045\" data-element_type=\"container\">\n\t\t\t\t<div class=\"elementor-element elementor-element-b3dfe64 elementor-widget elementor-widget-shortcode\" data-id=\"b3dfe64\" data-element_type=\"widget\" data-widget_type=\"shortcode.default\">\n\t\t\t\t<div class=\"elementor-widget-container\">\n\t\t\t\t\t<div class=\"elementor-shortcode\">\n<div class=\"wpcf7 no-js\" id=\"wpcf7-f1704-o1\" lang=\"en-US\" dir=\"ltr\">\n<div class=\"screen-reader-response\"><p role=\"status\" aria-live=\"polite\" aria-atomic=\"true\"><\/p> <ul><\/ul><\/div>\n<form action=\"\/en\/wp-json\/wp\/v2\/pages\/2294#wpcf7-f1704-o1\" method=\"post\" class=\"wpcf7-form init\" aria-label=\"Contact form\" novalidate=\"novalidate\" data-status=\"init\" data-trp-original-action=\"\/en\/wp-json\/wp\/v2\/pages\/2294#wpcf7-f1704-o1\">\n<div style=\"display: none;\">\n<input type=\"hidden\" name=\"_wpcf7\" value=\"1704\" \/>\n<input type=\"hidden\" name=\"_wpcf7_version\" value=\"5.8\" \/>\n<input type=\"hidden\" name=\"_wpcf7_locale\" value=\"en_US\" \/>\n<input type=\"hidden\" name=\"_wpcf7_unit_tag\" value=\"wpcf7-f1704-o1\" \/>\n<input type=\"hidden\" name=\"_wpcf7_container_post\" value=\"0\" \/>\n<input type=\"hidden\" name=\"_wpcf7_posted_data_hash\" value=\"\" \/>\n<\/div>\n<div class=\"contact-form\">\n    <div class=\"row\">\n        <div class=\"col-md-6 form-group\">\n<label> Your name\n    <span class=\"wpcf7-form-control-wrap\" data-name=\"nom-1\"><input size=\"40\" class=\"wpcf7-form-control wpcf7-text wpcf7-validates-as-required form-control style-border\" aria-required=\"true\" aria-invalid=\"false\" value=\"\" type=\"text\" name=\"nom-1\" \/><\/span> <\/label>\n        <\/div>\n        <div class=\"col-md-6 form-group\">\n<label> Your email\n    <span class=\"wpcf7-form-control-wrap\" data-name=\"email-1\"><input size=\"40\" class=\"wpcf7-form-control wpcf7-email wpcf7-validates-as-required wpcf7-text wpcf7-validates-as-email form-control style-border\" aria-required=\"true\" aria-invalid=\"false\" value=\"\" type=\"email\" name=\"email-1\" \/><\/span> <\/label>\n        <\/div>\n        <div class=\"col-md-12 form-group\">\n<label> Phone number\n<span class=\"wpcf7-form-control-wrap\" data-name=\"tel-152\"><input size=\"40\" class=\"wpcf7-form-control wpcf7-tel wpcf7-validates-as-required wpcf7-text wpcf7-validates-as-tel form-control style-border\" aria-required=\"true\" aria-invalid=\"false\" value=\"\" type=\"tel\" name=\"tel-152\" \/><\/span><\/label>\n        <\/div>\n    \n        <div class=\"col-12 form-group\">\n<label> Votre message\n    <span class=\"wpcf7-form-control-wrap\" data-name=\"textarea-1\"><textarea cols=\"40\" rows=\"10\" class=\"wpcf7-form-control wpcf7-textarea wpcf7-validates-as-required form-control style-border\" aria-required=\"true\" aria-invalid=\"false\" name=\"textarea-1\"><\/textarea><\/span> <\/label>\n        <\/div>\n        <div class=\"col-12 form-group mb-0\">\n            <button class=\"global-btn w-100\">Send now<svg xmlns=\"http:\/\/www.w3.org\/2000\/svg\" width=\"28\" height=\"29\" viewbox=\"0 0 28 29\" fill=\"none\">\n                                <path d=\"M22.8613 7.54846L22.8903 16.0337C22.9263 16.8622 22.2326 17.5606 21.4039 17.5303C20.5754 17.5663 19.8769 16.8726 19.9072 16.0439L19.8574 11.1716L7.63552 23.4773C7.04094 24.076 6.11287 24.0791 5.51422 23.4846C4.8823 22.857 4.91239 21.9619 5.50697 21.3633L17.7289 9.05756L12.8897 9.07409C12.0611 9.11006 11.3627 8.41639 11.393 7.58764C11.357 6.75911 12.0507 6.06068 12.8795 6.091L21.3647 6.06201C22.1932 6.02604 22.8917 6.71971 22.8613 7.54846Z\" fill=\"white\"><\/path>\n                            <\/svg><\/button>\n        <\/div>\n    <\/div>\n<\/div><div class=\"wpcf7-response-output\" aria-hidden=\"true\"><\/div>\n<input type=\"hidden\" name=\"trp-form-language\" value=\"en\"\/><\/form>\n<\/div>\n<\/div>\n\t\t\t\t<\/div>\n\t\t\t\t<\/div>\n\t\t\t\t<\/div>\n\t\t\t\t\t<\/div>\n\t\t\t\t<\/div>\n\t\t\t\t<\/div>","protected":false},"excerpt":{"rendered":"<p>Demandez Votre Devis Personnalis\u00e9 Vous avez un projet en t\u00eate\u202f? Remplissez notre formulaire de demande de devis en fournissant les d\u00e9tails de votre projet. Notre \u00e9quipe analysera vos besoins et vous proposera une solution adapt\u00e9e, avec un devis clair et comp\u00e9titif. Chez OMGP, nous nous engageons \u00e0 offrir des services de haute qualit\u00e9, dans le&#8230;<\/p>","protected":false},"author":1,"featured_media":0,"parent":0,"menu_order":0,"comment_status":"closed","ping_status":"closed","template":"","meta":{"om_disable_all_campaigns":false,"inline_featured_image":false,"_monsterinsights_skip_tracking":false,"_monsterinsights_sitenote_active":false,"_monsterinsights_sitenote_note":"","_monsterinsights_sitenote_category":0,"footnotes":""},"aioseo_notices":[],"_links":{"self":[{"href":"https:\/\/omgp.com.tn\/en\/wp-json\/wp\/v2\/pages\/2294"}],"collection":[{"href":"https:\/\/omgp.com.tn\/en\/wp-json\/wp\/v2\/pages"}],"about":[{"href":"https:\/\/omgp.com.tn\/en\/wp-json\/wp\/v2\/types\/page"}],"author":[{"embeddable":true,"href":"https:\/\/omgp.com.tn\/en\/wp-json\/wp\/v2\/users\/1"}],"replies":[{"embeddable":true,"href":"https:\/\/omgp.com.tn\/en\/wp-json\/wp\/v2\/comments?post=2294"}],"version-history":[{"count":8,"href":"https:\/\/omgp.com.tn\/en\/wp-json\/wp\/v2\/pages\/2294\/revisions"}],"predecessor-version":[{"id":2441,"href":"https:\/\/omgp.com.tn\/en\/wp-json\/wp\/v2\/pages\/2294\/revisions\/2441"}],"wp:attachment":[{"href":"https:\/\/omgp.com.tn\/en\/wp-json\/wp\/v2\/media?parent=2294"}],"curies":[{"name":"wp","href":"https:\/\/api.w.org\/{rel}","templated":true}]}}